{"id":9599,"date":"2025-08-22T07:26:40","date_gmt":"2025-08-22T07:26:40","guid":{"rendered":"https:\/\/hotelvilladahlia.com\/whats-on\/milles-garden-museum\/"},"modified":"2025-09-22T11:55:30","modified_gmt":"2025-09-22T11:55:30","slug":"milles-garden-museum","status":"publish","type":"page","link":"https:\/\/hotelvilladahlia.com\/en\/whats-on\/milles-garden-museum\/","title":{"rendered":"CELEBRATING 150 YEARS OF CARL MILLES"},"content":{"rendered":"<h1 style=\"text-align: center;\"><span style=\"font-size: 24px;\">150 YEARS OF CARL MILLES<\/span><\/h1>\n<p style=\"text-align: center;\" data-start=\"93\" data-end=\"173\">Visit Millesg\u00e5rden and the current exhibition<\/p>\n<p data-start=\"175\" data-end=\"445\">\u00a0<\/p>\n","protected":false},"excerpt":{"rendered":"<p>150 YEARS OF CARL MILLES Visit Millesg\u00e5rden and the current exhibition \u00a0<\/p>\n","protected":false},"author":15,"featured_media":9591,"parent":5970,"menu_order":46,"comment_status":"closed","ping_status":"closed","template":"templates\/blocks.php","meta":{"_acf_changed":false,"footnotes":""},"categories":[36],"tags":[],"class_list":["post-9599","page","type-page","status-publish","has-post-thumbnail","hentry","category-whats-on-archive"],"acf":[],"yoast_head":"<!-- This site is optimized with the Yoast SEO plugin v26.0 - https:\/\/yoast.com\/wordpress\/plugins\/seo\/ -->\n<title>Bes\u00f6k Millesg\u00e5rden | Villa Dahlia<\/title>\n<meta name=\"description\" content=\"Sommaren 2025 uppm\u00e4rksammar vi 150-\u00e5rsjubileet av Carl Milles med en storslagen utst\u00e4llning, den st\u00f6rsta i sitt slag p\u00e5 m\u00e5nga decennier.\" \/>\n<meta name=\"robots\" content=\"index, follow, max-snippet:-1, max-image-preview:large, max-video-preview:-1\" \/>\n<link rel=\"canonical\" href=\"https:\/\/hotelvilladahlia.com\/en\/whats-on\/milles-garden-museum\/\" \/>\n<meta property=\"og:locale\" content=\"en_US\" \/>\n<meta property=\"og:type\" content=\"article\" \/>\n<meta property=\"og:title\" content=\"Bes\u00f6k Millesg\u00e5rden | Villa Dahlia\" \/>\n<meta property=\"og:description\" content=\"Sommaren 2025 uppm\u00e4rksammar vi 150-\u00e5rsjubileet av Carl Milles med en storslagen utst\u00e4llning, den st\u00f6rsta i sitt slag p\u00e5 m\u00e5nga decennier.\" \/>\n<meta property=\"og:url\" content=\"https:\/\/hotelvilladahlia.com\/en\/whats-on\/milles-garden-museum\/\" \/>\n<meta property=\"og:site_name\" content=\"Villa Dahlia\" \/>\n<meta property=\"article:modified_time\" content=\"2025-09-22T11:55:30+00:00\" \/>\n<meta property=\"og:image\" content=\"https:\/\/hotelvilladahlia.com\/wp-content\/uploads\/2025\/08\/skulptoren-carl-milles-150-ar-foto-yanan-li-02-01970028-1a31-4714-bdad-5cd77122da6a.webp\" \/>\n\t<meta property=\"og:image:width\" content=\"1350\" \/>\n\t<meta property=\"og:image:height\" content=\"759\" \/>\n\t<meta property=\"og:image:type\" content=\"image\/webp\" \/>\n<meta name=\"twitter:card\" content=\"summary_large_image\" \/>\n<meta name=\"twitter:label1\" content=\"Est. reading time\" \/>\n\t<meta name=\"twitter:data1\" content=\"1 minute\" \/>\n<script type=\"application\/ld+json\" class=\"yoast-schema-graph\">{\"@context\":\"https:\/\/schema.org\",\"@graph\":[{\"@type\":\"WebPage\",\"@id\":\"https:\/\/hotelvilladahlia.com\/en\/whats-on\/milles-garden-museum\/\",\"url\":\"https:\/\/hotelvilladahlia.com\/en\/whats-on\/milles-garden-museum\/\",\"name\":\"Bes\u00f6k Millesg\u00e5rden | Villa Dahlia\",\"isPartOf\":{\"@id\":\"https:\/\/hotelvilladahlia.com\/en\/#website\"},\"primaryImageOfPage\":{\"@id\":\"https:\/\/hotelvilladahlia.com\/en\/whats-on\/milles-garden-museum\/#primaryimage\"},\"image\":{\"@id\":\"https:\/\/hotelvilladahlia.com\/en\/whats-on\/milles-garden-museum\/#primaryimage\"},\"thumbnailUrl\":\"https:\/\/hotelvilladahlia.com\/wp-content\/uploads\/2025\/08\/skulptoren-carl-milles-150-ar-foto-yanan-li-02-01970028-1a31-4714-bdad-5cd77122da6a.webp\",\"datePublished\":\"2025-08-22T07:26:40+00:00\",\"dateModified\":\"2025-09-22T11:55:30+00:00\",\"description\":\"Sommaren 2025 uppm\u00e4rksammar vi 150-\u00e5rsjubileet av Carl Milles med en storslagen utst\u00e4llning, den st\u00f6rsta i sitt slag p\u00e5 m\u00e5nga decennier.\",\"breadcrumb\":{\"@id\":\"https:\/\/hotelvilladahlia.com\/en\/whats-on\/milles-garden-museum\/#breadcrumb\"},\"inLanguage\":\"en-US\",\"potentialAction\":[{\"@type\":\"ReadAction\",\"target\":[\"https:\/\/hotelvilladahlia.com\/en\/whats-on\/milles-garden-museum\/\"]}]},{\"@type\":\"ImageObject\",\"inLanguage\":\"en-US\",\"@id\":\"https:\/\/hotelvilladahlia.com\/en\/whats-on\/milles-garden-museum\/#primaryimage\",\"url\":\"https:\/\/hotelvilladahlia.com\/wp-content\/uploads\/2025\/08\/skulptoren-carl-milles-150-ar-foto-yanan-li-02-01970028-1a31-4714-bdad-5cd77122da6a.webp\",\"contentUrl\":\"https:\/\/hotelvilladahlia.com\/wp-content\/uploads\/2025\/08\/skulptoren-carl-milles-150-ar-foto-yanan-li-02-01970028-1a31-4714-bdad-5cd77122da6a.webp\",\"width\":1350,\"height\":759},{\"@type\":\"BreadcrumbList\",\"@id\":\"https:\/\/hotelvilladahlia.com\/en\/whats-on\/milles-garden-museum\/#breadcrumb\",\"itemListElement\":[{\"@type\":\"ListItem\",\"position\":1,\"name\":\"Home\",\"item\":\"https:\/\/hotelvilladahlia.com\/en\/\"},{\"@type\":\"ListItem\",\"position\":2,\"name\":\"What&#8217;s On\",\"item\":\"https:\/\/hotelvilladahlia.com\/en\/whats-on\/\"},{\"@type\":\"ListItem\",\"position\":3,\"name\":\"CELEBRATING 150 YEARS OF CARL MILLES\"}]},{\"@type\":\"WebSite\",\"@id\":\"https:\/\/hotelvilladahlia.com\/en\/#website\",\"url\":\"https:\/\/hotelvilladahlia.com\/en\/\",\"name\":\"Villa Dahlia\",\"description\":\"\",\"publisher\":{\"@id\":\"https:\/\/hotelvilladahlia.com\/en\/#organization\"},\"potentialAction\":[{\"@type\":\"SearchAction\",\"target\":{\"@type\":\"EntryPoint\",\"urlTemplate\":\"https:\/\/hotelvilladahlia.com\/en\/?s={search_term_string}\"},\"query-input\":{\"@type\":\"PropertyValueSpecification\",\"valueRequired\":true,\"valueName\":\"search_term_string\"}}],\"inLanguage\":\"en-US\"},{\"@type\":\"Organization\",\"@id\":\"https:\/\/hotelvilladahlia.com\/en\/#organization\",\"name\":\"Villa Dahlia\",\"url\":\"https:\/\/hotelvilladahlia.com\/en\/\",\"logo\":{\"@type\":\"ImageObject\",\"inLanguage\":\"en-US\",\"@id\":\"https:\/\/hotelvilladahlia.com\/en\/#\/schema\/logo\/image\/\",\"url\":\"https:\/\/hotelvilladahlia.com\/wp-content\/uploads\/2024\/04\/dahlia.png\",\"contentUrl\":\"https:\/\/hotelvilladahlia.com\/wp-content\/uploads\/2024\/04\/dahlia.png\",\"width\":600,\"height\":600,\"caption\":\"Villa Dahlia\"},\"image\":{\"@id\":\"https:\/\/hotelvilladahlia.com\/en\/#\/schema\/logo\/image\/\"}}]}<\/script>\n<!-- \/ Yoast SEO plugin. -->","yoast_head_json":{"title":"Bes\u00f6k Millesg\u00e5rden | Villa Dahlia","description":"Sommaren 2025 uppm\u00e4rksammar vi 150-\u00e5rsjubileet av Carl Milles med en storslagen utst\u00e4llning, den st\u00f6rsta i sitt slag p\u00e5 m\u00e5nga decennier.","robots":{"index":"index","follow":"follow","max-snippet":"max-snippet:-1","max-image-preview":"max-image-preview:large","max-video-preview":"max-video-preview:-1"},"canonical":"https:\/\/hotelvilladahlia.com\/en\/whats-on\/milles-garden-museum\/","og_locale":"en_US","og_type":"article","og_title":"Bes\u00f6k Millesg\u00e5rden | Villa Dahlia","og_description":"Sommaren 2025 uppm\u00e4rksammar vi 150-\u00e5rsjubileet av Carl Milles med en storslagen utst\u00e4llning, den st\u00f6rsta i sitt slag p\u00e5 m\u00e5nga decennier.","og_url":"https:\/\/hotelvilladahlia.com\/en\/whats-on\/milles-garden-museum\/","og_site_name":"Villa Dahlia","article_modified_time":"2025-09-22T11:55:30+00:00","og_image":[{"width":1350,"height":759,"url":"https:\/\/hotelvilladahlia.com\/wp-content\/uploads\/2025\/08\/skulptoren-carl-milles-150-ar-foto-yanan-li-02-01970028-1a31-4714-bdad-5cd77122da6a.webp","type":"image\/webp"}],"twitter_card":"summary_large_image","twitter_misc":{"Est. reading time":"1 minute"},"schema":{"@context":"https:\/\/schema.org","@graph":[{"@type":"WebPage","@id":"https:\/\/hotelvilladahlia.com\/en\/whats-on\/milles-garden-museum\/","url":"https:\/\/hotelvilladahlia.com\/en\/whats-on\/milles-garden-museum\/","name":"Bes\u00f6k Millesg\u00e5rden | Villa Dahlia","isPartOf":{"@id":"https:\/\/hotelvilladahlia.com\/en\/#website"},"primaryImageOfPage":{"@id":"https:\/\/hotelvilladahlia.com\/en\/whats-on\/milles-garden-museum\/#primaryimage"},"image":{"@id":"https:\/\/hotelvilladahlia.com\/en\/whats-on\/milles-garden-museum\/#primaryimage"},"thumbnailUrl":"https:\/\/hotelvilladahlia.com\/wp-content\/uploads\/2025\/08\/skulptoren-carl-milles-150-ar-foto-yanan-li-02-01970028-1a31-4714-bdad-5cd77122da6a.webp","datePublished":"2025-08-22T07:26:40+00:00","dateModified":"2025-09-22T11:55:30+00:00","description":"Sommaren 2025 uppm\u00e4rksammar vi 150-\u00e5rsjubileet av Carl Milles med en storslagen utst\u00e4llning, den st\u00f6rsta i sitt slag p\u00e5 m\u00e5nga decennier.","breadcrumb":{"@id":"https:\/\/hotelvilladahlia.com\/en\/whats-on\/milles-garden-museum\/#breadcrumb"},"inLanguage":"en-US","potentialAction":[{"@type":"ReadAction","target":["https:\/\/hotelvilladahlia.com\/en\/whats-on\/milles-garden-museum\/"]}]},{"@type":"ImageObject","inLanguage":"en-US","@id":"https:\/\/hotelvilladahlia.com\/en\/whats-on\/milles-garden-museum\/#primaryimage","url":"https:\/\/hotelvilladahlia.com\/wp-content\/uploads\/2025\/08\/skulptoren-carl-milles-150-ar-foto-yanan-li-02-01970028-1a31-4714-bdad-5cd77122da6a.webp","contentUrl":"https:\/\/hotelvilladahlia.com\/wp-content\/uploads\/2025\/08\/skulptoren-carl-milles-150-ar-foto-yanan-li-02-01970028-1a31-4714-bdad-5cd77122da6a.webp","width":1350,"height":759},{"@type":"BreadcrumbList","@id":"https:\/\/hotelvilladahlia.com\/en\/whats-on\/milles-garden-museum\/#breadcrumb","itemListElement":[{"@type":"ListItem","position":1,"name":"Home","item":"https:\/\/hotelvilladahlia.com\/en\/"},{"@type":"ListItem","position":2,"name":"What&#8217;s On","item":"https:\/\/hotelvilladahlia.com\/en\/whats-on\/"},{"@type":"ListItem","position":3,"name":"CELEBRATING 150 YEARS OF CARL MILLES"}]},{"@type":"WebSite","@id":"https:\/\/hotelvilladahlia.com\/en\/#website","url":"https:\/\/hotelvilladahlia.com\/en\/","name":"Villa Dahlia","description":"","publisher":{"@id":"https:\/\/hotelvilladahlia.com\/en\/#organization"},"potentialAction":[{"@type":"SearchAction","target":{"@type":"EntryPoint","urlTemplate":"https:\/\/hotelvilladahlia.com\/en\/?s={search_term_string}"},"query-input":{"@type":"PropertyValueSpecification","valueRequired":true,"valueName":"search_term_string"}}],"inLanguage":"en-US"},{"@type":"Organization","@id":"https:\/\/hotelvilladahlia.com\/en\/#organization","name":"Villa Dahlia","url":"https:\/\/hotelvilladahlia.com\/en\/","logo":{"@type":"ImageObject","inLanguage":"en-US","@id":"https:\/\/hotelvilladahlia.com\/en\/#\/schema\/logo\/image\/","url":"https:\/\/hotelvilladahlia.com\/wp-content\/uploads\/2024\/04\/dahlia.png","contentUrl":"https:\/\/hotelvilladahlia.com\/wp-content\/uploads\/2024\/04\/dahlia.png","width":600,"height":600,"caption":"Villa Dahlia"},"image":{"@id":"https:\/\/hotelvilladahlia.com\/en\/#\/schema\/logo\/image\/"}}]}},"_links":{"self":[{"href":"https:\/\/hotelvilladahlia.com\/en\/wp-json\/wp\/v2\/pages\/9599","targetHints":{"allow":["GET"]}}],"collection":[{"href":"https:\/\/hotelvilladahlia.com\/en\/wp-json\/wp\/v2\/pages"}],"about":[{"href":"https:\/\/hotelvilladahlia.com\/en\/wp-json\/wp\/v2\/types\/page"}],"author":[{"embeddable":true,"href":"https:\/\/hotelvilladahlia.com\/en\/wp-json\/wp\/v2\/users\/15"}],"replies":[{"embeddable":true,"href":"https:\/\/hotelvilladahlia.com\/en\/wp-json\/wp\/v2\/comments?post=9599"}],"version-history":[{"count":0,"href":"https:\/\/hotelvilladahlia.com\/en\/wp-json\/wp\/v2\/pages\/9599\/revisions"}],"up":[{"embeddable":true,"href":"https:\/\/hotelvilladahlia.com\/en\/wp-json\/wp\/v2\/pages\/5970"}],"wp:featuredmedia":[{"embeddable":true,"href":"https:\/\/hotelvilladahlia.com\/en\/wp-json\/wp\/v2\/media\/9591"}],"wp:attachment":[{"href":"https:\/\/hotelvilladahlia.com\/en\/wp-json\/wp\/v2\/media?parent=9599"}],"wp:term":[{"taxonomy":"category","embeddable":true,"href":"https:\/\/hotelvilladahlia.com\/en\/wp-json\/wp\/v2\/categories?post=9599"},{"taxonomy":"post_tag","embeddable":true,"href":"https:\/\/hotelvilladahlia.com\/en\/wp-json\/wp\/v2\/tags?post=9599"}],"curies":[{"name":"wp","href":"https:\/\/api.w.org\/{rel}","templated":true}]}}